{"id":13,"date":"2024-08-03T14:53:04","date_gmt":"2024-08-03T12:53:04","guid":{"rendered":"http:\/\/stachowiczptak.online\/?page_id=13"},"modified":"2024-08-24T14:28:36","modified_gmt":"2024-08-24T12:28:36","slug":"kim-jestesmy","status":"publish","type":"page","link":"https:\/\/stachowiczptak.pl\/index.php\/kim-jestesmy\/","title":{"rendered":"Kim Jeste\u015bmy"},"content":{"rendered":"\n<p><strong>Kim Jeste\u015bmy<\/strong><\/p>\n\n\n\n<blockquote class=\"wp-block-quote is-layout-flow wp-block-quote-is-layout-flow\">\n<p>Jeste\u015bmy kancelari\u0105 prawn\u0105, kt\u00f3ra od lat specjalizuje si\u0119 w obs\u0142udze prawnej biznesu. Nasz zesp\u00f3\u0142 to do\u015bwiadczone grono praktyk\u00f3w z g\u0142\u0119bok\u0105 wiedz\u0105 prawnicz\u0105, dzia\u0142aj\u0105cych na rynku nieprzerwanie od 1993 roku. Dzi\u0119ki temu doskonale rozumiemy potrzeby biznesowe oraz specyfik\u0119 reali\u00f3w rynkowych.<\/p>\n<\/blockquote>\n\n\n\n<p><strong>Nasze Podej\u015bcie<\/strong><\/p>\n\n\n\n<blockquote class=\"wp-block-quote is-layout-flow wp-block-quote-is-layout-flow\">\n<p>Nasz\u0105 si\u0142\u0105 jest szybki i klarowny kontakt z klientami oraz kompleksowe doradztwo prawne. Dzia\u0142amy konsekwentnie i lojalnie, wykorzystuj\u0105c nowoczesne narz\u0119dzia, aby zapewni\u0107 us\u0142ugi na najwy\u017cszym poziomie.<\/p>\n<\/blockquote>\n\n\n\n<p><strong>Komfort Wsp\u00f3\u0142pracy<\/strong><\/p>\n\n\n\n<blockquote class=\"wp-block-quote is-layout-flow wp-block-quote-is-layout-flow\">\n<p>Gwarantujemy pe\u0142ne zaanga\u017cowanie, dyskrecj\u0119 i rzetelno\u015b\u0107. Jeste\u015bmy elastyczni i mobilni, dostosowuj\u0105c si\u0119 do indywidualnych potrzeb klient\u00f3w. Dzi\u0119ki praktycznej znajomo\u015bci polskiego prawa gospodarczego skutecznie dzia\u0142amy w dynamicznym \u015brodowisku biznesowym.<\/p>\n<\/blockquote>\n\n\n\n<p><strong>Przejrzysto\u015b\u0107 i Konkurencyjno\u015b\u0107<\/strong><\/p>\n\n\n\n<blockquote class=\"wp-block-quote is-layout-flow wp-block-quote-is-layout-flow\">\n<p>Stosujemy transparentne i konkurencyjne zasady wynagradzania, co buduje poczucie bezpiecze\u0144stwa i zaufania w\u015br\u00f3d naszych klient\u00f3w.<\/p>\n<\/blockquote>\n\n\n\n<p><strong>Nasz Zesp\u00f3\u0142<\/strong><\/p>\n\n\n\n<blockquote class=\"wp-block-quote is-layout-flow wp-block-quote-is-layout-flow\">\n<p>Od 2001 roku kancelaria dynamicznie si\u0119 rozwija, realizuj\u0105c projekty zar\u00f3wno w Polsce, jak i za granic\u0105. Nasz zesp\u00f3\u0142 tworz\u0105 do\u015bwiadczeni adwokaci, radcowie prawni, aplikanci oraz m\u0142odsi prawnicy, kt\u00f3rzy wsp\u00f3lnie tworz\u0105 stabiln\u0105 i zgran\u0105 grup\u0119 gotow\u0105 sprosta\u0107 wszelkim wyzwaniom.<\/p>\n<\/blockquote>\n\n\n\n<p><strong>Szersza Perspektywa<\/strong><\/p>\n\n\n\n<blockquote class=\"wp-block-quote is-layout-flow wp-block-quote-is-layout-flow\">\n<p>Wsp\u00f3\u0142pracujemy z renomowanymi doradcami podatkowymi, finansowymi, firmami ksi\u0119gowymi i konsultingowymi, rzeczoznawcami maj\u0105tkowymi, wywiadowniami gospodarczymi oraz ekspertami inwestycyjnymi. Dzi\u0119ki temu mo\u017cemy oferowa\u0107 wszechstronne wsparcie, kt\u00f3re wykracza poza tradycyjne doradztwo prawne.<\/p>\n<\/blockquote>\n\n\n\n<p><strong>Zaufanie Klient\u00f3w<\/strong><\/p>\n\n\n\n<blockquote class=\"wp-block-quote is-layout-flow wp-block-quote-is-layout-flow\">\n<p>Naszymi klientami s\u0105 zar\u00f3wno krajowe, jak i zagraniczne grupy kapita\u0142owe, sp\u00f3\u0142ki prywatne i publiczne z r\u00f3\u017cnych sektor\u00f3w, banki, instytucje finansowe oraz renomowane firmy doradcze. Cieszymy si\u0119 zaufaniem licznych klient\u00f3w, kt\u00f3rzy doceniaj\u0105 nasz\u0105 rzetelno\u015b\u0107 i profesjonalizm.<\/p>\n<\/blockquote>\n","protected":false},"excerpt":{"rendered":"<p>Kim Jeste\u015bmy Jeste\u015bmy kancelari\u0105 prawn\u0105, kt\u00f3ra od lat specjalizuje si\u0119 w obs\u0142udze prawnej biznesu. Nasz zesp\u00f3\u0142 to do\u015bwiadczone grono praktyk\u00f3w z g\u0142\u0119bok\u0105 wiedz\u0105 prawnicz\u0105, dzia\u0142aj\u0105cych na rynku nieprzerwanie od 1993 roku. Dzi\u0119ki temu doskonale rozumiemy potrzeby biznesowe oraz specyfik\u0119 reali\u00f3w rynkowych. Nasze Podej\u015bcie Nasz\u0105 si\u0142\u0105 jest szybki i klarowny kontakt z klientami oraz kompleksowe doradztwo [&hellip;]<\/p>\n","protected":false},"author":1,"featured_media":775,"parent":0,"menu_order":0,"comment_status":"closed","ping_status":"closed","template":"","meta":{"footnotes":""},"class_list":["post-13","page","type-page","status-publish","has-post-thumbnail","hentry"],"blocksy_meta":[],"yoast_head":"<!-- This site is optimized with the Yoast SEO plugin v23.3 - https:\/\/yoast.com\/wordpress\/plugins\/seo\/ -->\n<title>Kim Jeste\u015bmy - Stachowicz | Ptak<\/title>\n<meta name=\"robots\" content=\"index, follow, max-snippet:-1, max-image-preview:large, max-video-preview:-1\" \/>\n<link rel=\"canonical\" href=\"https:\/\/stachowiczptak.pl\/index.php\/kim-jestesmy\/\" \/>\n<meta property=\"og:locale\" content=\"pl_PL\" \/>\n<meta property=\"og:type\" content=\"article\" \/>\n<meta property=\"og:title\" content=\"Kim Jeste\u015bmy - Stachowicz | Ptak\" \/>\n<meta property=\"og:description\" content=\"Kim Jeste\u015bmy Jeste\u015bmy kancelari\u0105 prawn\u0105, kt\u00f3ra od lat specjalizuje si\u0119 w obs\u0142udze prawnej biznesu. Nasz zesp\u00f3\u0142 to do\u015bwiadczone grono praktyk\u00f3w z g\u0142\u0119bok\u0105 wiedz\u0105 prawnicz\u0105, dzia\u0142aj\u0105cych na rynku nieprzerwanie od 1993 roku. Dzi\u0119ki temu doskonale rozumiemy potrzeby biznesowe oraz specyfik\u0119 reali\u00f3w rynkowych. Nasze Podej\u015bcie Nasz\u0105 si\u0142\u0105 jest szybki i klarowny kontakt z klientami oraz kompleksowe doradztwo [&hellip;]\" \/>\n<meta property=\"og:url\" content=\"https:\/\/stachowiczptak.pl\/index.php\/kim-jestesmy\/\" \/>\n<meta property=\"og:site_name\" content=\"Stachowicz | Ptak\" \/>\n<meta property=\"article:modified_time\" content=\"2024-08-24T12:28:36+00:00\" \/>\n<meta property=\"og:image\" content=\"https:\/\/stachowiczptak.pl\/wp-content\/uploads\/2024\/08\/Kontakt-1600-x-300-px3.png\" \/>\n\t<meta property=\"og:image:width\" content=\"1600\" \/>\n\t<meta property=\"og:image:height\" content=\"300\" \/>\n\t<meta property=\"og:image:type\" content=\"image\/png\" \/>\n<meta name=\"twitter:card\" content=\"summary_large_image\" \/>\n<meta name=\"twitter:label1\" content=\"Szacowany czas czytania\" \/>\n\t<meta name=\"twitter:data1\" content=\"1 minuta\" \/>\n<script type=\"application\/ld+json\" class=\"yoast-schema-graph\">{\"@context\":\"https:\/\/schema.org\",\"@graph\":[{\"@type\":\"WebPage\",\"@id\":\"https:\/\/stachowiczptak.pl\/index.php\/kim-jestesmy\/\",\"url\":\"https:\/\/stachowiczptak.pl\/index.php\/kim-jestesmy\/\",\"name\":\"Kim Jeste\u015bmy - Stachowicz | Ptak\",\"isPartOf\":{\"@id\":\"https:\/\/stachowiczptak.pl\/#website\"},\"primaryImageOfPage\":{\"@id\":\"https:\/\/stachowiczptak.pl\/index.php\/kim-jestesmy\/#primaryimage\"},\"image\":{\"@id\":\"https:\/\/stachowiczptak.pl\/index.php\/kim-jestesmy\/#primaryimage\"},\"thumbnailUrl\":\"https:\/\/stachowiczptak.pl\/wp-content\/uploads\/2024\/08\/Kontakt-1600-x-300-px3.png\",\"datePublished\":\"2024-08-03T12:53:04+00:00\",\"dateModified\":\"2024-08-24T12:28:36+00:00\",\"breadcrumb\":{\"@id\":\"https:\/\/stachowiczptak.pl\/index.php\/kim-jestesmy\/#breadcrumb\"},\"inLanguage\":\"pl-PL\",\"potentialAction\":[{\"@type\":\"ReadAction\",\"target\":[\"https:\/\/stachowiczptak.pl\/index.php\/kim-jestesmy\/\"]}]},{\"@type\":\"ImageObject\",\"inLanguage\":\"pl-PL\",\"@id\":\"https:\/\/stachowiczptak.pl\/index.php\/kim-jestesmy\/#primaryimage\",\"url\":\"https:\/\/stachowiczptak.pl\/wp-content\/uploads\/2024\/08\/Kontakt-1600-x-300-px3.png\",\"contentUrl\":\"https:\/\/stachowiczptak.pl\/wp-content\/uploads\/2024\/08\/Kontakt-1600-x-300-px3.png\",\"width\":1600,\"height\":300},{\"@type\":\"BreadcrumbList\",\"@id\":\"https:\/\/stachowiczptak.pl\/index.php\/kim-jestesmy\/#breadcrumb\",\"itemListElement\":[{\"@type\":\"ListItem\",\"position\":1,\"name\":\"Strona g\u0142\u00f3wna\",\"item\":\"https:\/\/stachowiczptak.pl\/\"},{\"@type\":\"ListItem\",\"position\":2,\"name\":\"Kim Jeste\u015bmy\"}]},{\"@type\":\"WebSite\",\"@id\":\"https:\/\/stachowiczptak.pl\/#website\",\"url\":\"https:\/\/stachowiczptak.pl\/\",\"name\":\"Stachowicz | Ptak\",\"description\":\"Bezpieczne rozwi\u0105zania dla Pa\u0144stwa biznesu.\",\"publisher\":{\"@id\":\"https:\/\/stachowiczptak.pl\/#organization\"},\"potentialAction\":[{\"@type\":\"SearchAction\",\"target\":{\"@type\":\"EntryPoint\",\"urlTemplate\":\"https:\/\/stachowiczptak.pl\/?s={search_term_string}\"},\"query-input\":\"required name=search_term_string\"}],\"inLanguage\":\"pl-PL\"},{\"@type\":\"Organization\",\"@id\":\"https:\/\/stachowiczptak.pl\/#organization\",\"name\":\"Stachowicz | Ptak\",\"url\":\"https:\/\/stachowiczptak.pl\/\",\"logo\":{\"@type\":\"ImageObject\",\"inLanguage\":\"pl-PL\",\"@id\":\"https:\/\/stachowiczptak.pl\/#\/schema\/logo\/image\/\",\"url\":\"https:\/\/stachowiczptak.pl\/wp-content\/uploads\/2024\/08\/cropped-sp_logo_vwide.png\",\"contentUrl\":\"https:\/\/stachowiczptak.pl\/wp-content\/uploads\/2024\/08\/cropped-sp_logo_vwide.png\",\"width\":1200,\"height\":150,\"caption\":\"Stachowicz | Ptak\"},\"image\":{\"@id\":\"https:\/\/stachowiczptak.pl\/#\/schema\/logo\/image\/\"},\"sameAs\":[\"https:\/\/www.linkedin.com\/company\/stachowicz-ptak\"]}]}<\/script>\n<!-- \/ Yoast SEO plugin. -->","yoast_head_json":{"title":"Kim Jeste\u015bmy - Stachowicz | Ptak","robots":{"index":"index","follow":"follow","max-snippet":"max-snippet:-1","max-image-preview":"max-image-preview:large","max-video-preview":"max-video-preview:-1"},"canonical":"https:\/\/stachowiczptak.pl\/index.php\/kim-jestesmy\/","og_locale":"pl_PL","og_type":"article","og_title":"Kim Jeste\u015bmy - Stachowicz | Ptak","og_description":"Kim Jeste\u015bmy Jeste\u015bmy kancelari\u0105 prawn\u0105, kt\u00f3ra od lat specjalizuje si\u0119 w obs\u0142udze prawnej biznesu. Nasz zesp\u00f3\u0142 to do\u015bwiadczone grono praktyk\u00f3w z g\u0142\u0119bok\u0105 wiedz\u0105 prawnicz\u0105, dzia\u0142aj\u0105cych na rynku nieprzerwanie od 1993 roku. Dzi\u0119ki temu doskonale rozumiemy potrzeby biznesowe oraz specyfik\u0119 reali\u00f3w rynkowych. Nasze Podej\u015bcie Nasz\u0105 si\u0142\u0105 jest szybki i klarowny kontakt z klientami oraz kompleksowe doradztwo [&hellip;]","og_url":"https:\/\/stachowiczptak.pl\/index.php\/kim-jestesmy\/","og_site_name":"Stachowicz | Ptak","article_modified_time":"2024-08-24T12:28:36+00:00","og_image":[{"width":1600,"height":300,"url":"https:\/\/stachowiczptak.pl\/wp-content\/uploads\/2024\/08\/Kontakt-1600-x-300-px3.png","type":"image\/png"}],"twitter_card":"summary_large_image","twitter_misc":{"Szacowany czas czytania":"1 minuta"},"schema":{"@context":"https:\/\/schema.org","@graph":[{"@type":"WebPage","@id":"https:\/\/stachowiczptak.pl\/index.php\/kim-jestesmy\/","url":"https:\/\/stachowiczptak.pl\/index.php\/kim-jestesmy\/","name":"Kim Jeste\u015bmy - Stachowicz | Ptak","isPartOf":{"@id":"https:\/\/stachowiczptak.pl\/#website"},"primaryImageOfPage":{"@id":"https:\/\/stachowiczptak.pl\/index.php\/kim-jestesmy\/#primaryimage"},"image":{"@id":"https:\/\/stachowiczptak.pl\/index.php\/kim-jestesmy\/#primaryimage"},"thumbnailUrl":"https:\/\/stachowiczptak.pl\/wp-content\/uploads\/2024\/08\/Kontakt-1600-x-300-px3.png","datePublished":"2024-08-03T12:53:04+00:00","dateModified":"2024-08-24T12:28:36+00:00","breadcrumb":{"@id":"https:\/\/stachowiczptak.pl\/index.php\/kim-jestesmy\/#breadcrumb"},"inLanguage":"pl-PL","potentialAction":[{"@type":"ReadAction","target":["https:\/\/stachowiczptak.pl\/index.php\/kim-jestesmy\/"]}]},{"@type":"ImageObject","inLanguage":"pl-PL","@id":"https:\/\/stachowiczptak.pl\/index.php\/kim-jestesmy\/#primaryimage","url":"https:\/\/stachowiczptak.pl\/wp-content\/uploads\/2024\/08\/Kontakt-1600-x-300-px3.png","contentUrl":"https:\/\/stachowiczptak.pl\/wp-content\/uploads\/2024\/08\/Kontakt-1600-x-300-px3.png","width":1600,"height":300},{"@type":"BreadcrumbList","@id":"https:\/\/stachowiczptak.pl\/index.php\/kim-jestesmy\/#breadcrumb","itemListElement":[{"@type":"ListItem","position":1,"name":"Strona g\u0142\u00f3wna","item":"https:\/\/stachowiczptak.pl\/"},{"@type":"ListItem","position":2,"name":"Kim Jeste\u015bmy"}]},{"@type":"WebSite","@id":"https:\/\/stachowiczptak.pl\/#website","url":"https:\/\/stachowiczptak.pl\/","name":"Stachowicz | Ptak","description":"Bezpieczne rozwi\u0105zania dla Pa\u0144stwa biznesu.","publisher":{"@id":"https:\/\/stachowiczptak.pl\/#organization"},"potentialAction":[{"@type":"SearchAction","target":{"@type":"EntryPoint","urlTemplate":"https:\/\/stachowiczptak.pl\/?s={search_term_string}"},"query-input":"required name=search_term_string"}],"inLanguage":"pl-PL"},{"@type":"Organization","@id":"https:\/\/stachowiczptak.pl\/#organization","name":"Stachowicz | Ptak","url":"https:\/\/stachowiczptak.pl\/","logo":{"@type":"ImageObject","inLanguage":"pl-PL","@id":"https:\/\/stachowiczptak.pl\/#\/schema\/logo\/image\/","url":"https:\/\/stachowiczptak.pl\/wp-content\/uploads\/2024\/08\/cropped-sp_logo_vwide.png","contentUrl":"https:\/\/stachowiczptak.pl\/wp-content\/uploads\/2024\/08\/cropped-sp_logo_vwide.png","width":1200,"height":150,"caption":"Stachowicz | Ptak"},"image":{"@id":"https:\/\/stachowiczptak.pl\/#\/schema\/logo\/image\/"},"sameAs":["https:\/\/www.linkedin.com\/company\/stachowicz-ptak"]}]}},"_links":{"self":[{"href":"https:\/\/stachowiczptak.pl\/index.php\/wp-json\/wp\/v2\/pages\/13","targetHints":{"allow":["GET"]}}],"collection":[{"href":"https:\/\/stachowiczptak.pl\/index.php\/wp-json\/wp\/v2\/pages"}],"about":[{"href":"https:\/\/stachowiczptak.pl\/index.php\/wp-json\/wp\/v2\/types\/page"}],"author":[{"embeddable":true,"href":"https:\/\/stachowiczptak.pl\/index.php\/wp-json\/wp\/v2\/users\/1"}],"replies":[{"embeddable":true,"href":"https:\/\/stachowiczptak.pl\/index.php\/wp-json\/wp\/v2\/comments?post=13"}],"version-history":[{"count":1,"href":"https:\/\/stachowiczptak.pl\/index.php\/wp-json\/wp\/v2\/pages\/13\/revisions"}],"predecessor-version":[{"id":782,"href":"https:\/\/stachowiczptak.pl\/index.php\/wp-json\/wp\/v2\/pages\/13\/revisions\/782"}],"wp:featuredmedia":[{"embeddable":true,"href":"https:\/\/stachowiczptak.pl\/index.php\/wp-json\/wp\/v2\/media\/775"}],"wp:attachment":[{"href":"https:\/\/stachowiczptak.pl\/index.php\/wp-json\/wp\/v2\/media?parent=13"}],"curies":[{"name":"wp","href":"https:\/\/api.w.org\/{rel}","templated":true}]}}