{"id":471,"date":"2024-08-18T14:02:10","date_gmt":"2024-08-18T12:02:10","guid":{"rendered":"https:\/\/stachowiczptak.online\/?page_id=471"},"modified":"2024-08-24T14:05:08","modified_gmt":"2024-08-24T12:05:08","slug":"witamy","status":"publish","type":"page","link":"https:\/\/stachowiczptak.pl\/","title":{"rendered":"Witamy"},"content":{"rendered":"<div class=\"n2_clear\"><ss3-force-full-width data-overflow-x=\"body\" data-horizontal-selector=\"body\"><div class=\"n2-section-smartslider fitvidsignore  n2_clear\" data-ssid=\"2\" tabindex=\"0\" role=\"region\" aria-label=\"Slider\"><div id=\"n2-ss-2-align\" class=\"n2-ss-align\"><div class=\"n2-padding\"><div id=\"n2-ss-2\" data-creator=\"Smart Slider 3\" data-responsive=\"fullwidth\" class=\"n2-ss-slider n2-ow n2-has-hover n2notransition  \">\n\n\n\n\n\n\n\n\n\n<div class=\"n2-ss-slider-wrapper-inside\">\n        <div class=\"n2-ss-slider-1 n2_ss__touch_element n2-ow\">\n            <div class=\"n2-ss-slider-2 n2-ow\">\n                                                    <div class=\"n2-ss-background-animation n2-ow\"><\/div>\n                                <div class=\"n2-ss-slider-3 n2-ow\">\n\n                    <div class=\"n2-ss-slide-backgrounds n2-ow-all\"><div class=\"n2-ss-slide-background\" data-public-id=\"1\" data-mode=\"center\"><div class=\"n2-ss-slide-background-image\" data-blur=\"0\" data-opacity=\"100\" data-x=\"57\" data-y=\"26\" data-alt=\"\" data-title=\"\" style=\"--ss-o-pos-x:57%;--ss-o-pos-y:26%\"><picture class=\"skip-lazy\" data-skip-lazy=\"1\"><img decoding=\"async\" src=\"\/\/stachowiczptak.pl\/wp-content\/uploads\/slider\/cache\/ed328c89b990b041fc55801a1d26d1df\/projekt-bez-nazwy292.png\" alt=\"\" title=\"\" loading=\"lazy\" class=\"skip-lazy\" data-skip-lazy=\"1\"><\/picture><\/div><div data-color=\"RGBA(255,255,255,0)\" style=\"background-color: RGBA(255,255,255,0);\" class=\"n2-ss-slide-background-color\"><\/div><\/div><div class=\"n2-ss-slide-background\" data-public-id=\"2\" data-mode=\"center\"><div class=\"n2-ss-slide-background-image\" data-blur=\"0\" data-opacity=\"100\" data-x=\"50\" data-y=\"50\" data-alt=\"\" data-title=\"\"><picture class=\"skip-lazy\" data-skip-lazy=\"1\"><img decoding=\"async\" src=\"\/\/stachowiczptak.pl\/wp-content\/uploads\/slider\/cache\/34f7185668a4359da34a70dbf5e87353\/projekt-bez-nazwy30.png\" alt=\"\" title=\"\" loading=\"lazy\" class=\"skip-lazy\" data-skip-lazy=\"1\"><\/picture><\/div><div data-color=\"RGBA(255,255,255,0)\" style=\"background-color: RGBA(255,255,255,0);\" class=\"n2-ss-slide-background-color\"><\/div><\/div><div class=\"n2-ss-slide-background\" data-public-id=\"3\" data-mode=\"center\"><div class=\"n2-ss-slide-background-image\" data-blur=\"0\" data-opacity=\"100\" data-x=\"45\" data-y=\"45\" data-alt=\"\" data-title=\"\" style=\"--ss-o-pos-x:45%;--ss-o-pos-y:45%\"><picture class=\"skip-lazy\" data-skip-lazy=\"1\"><img decoding=\"async\" src=\"\/\/stachowiczptak.pl\/wp-content\/uploads\/slider\/cache\/92f811e2e2aef85c7d4293e641384171\/projekt-bez-nazwy32.png\" alt=\"\" title=\"\" loading=\"lazy\" class=\"skip-lazy\" data-skip-lazy=\"1\"><\/picture><\/div><div data-color=\"RGBA(255,255,255,0)\" style=\"background-color: RGBA(255,255,255,0);\" class=\"n2-ss-slide-background-color\"><\/div><\/div><\/div>                    <div class=\"n2-ss-slider-4 n2-ow\">\n                        <svg xmlns=\"http:\/\/www.w3.org\/2000\/svg\" viewBox=\"0 0 1200 600\" data-related-device=\"desktopPortrait\" class=\"n2-ow n2-ss-preserve-size n2-ss-preserve-size--slider n2-ss-slide-limiter\"><\/svg><div data-first=\"1\" data-slide-duration=\"0\" data-id=\"3\" data-slide-public-id=\"1\" data-title=\"Witamy \" class=\"n2-ss-slide n2-ow  n2-ss-slide-3\"><div role=\"note\" class=\"n2-ss-slide--focus\" tabindex=\"-1\">Witamy <\/div><div class=\"n2-ss-layers-container n2-ss-slide-limiter n2-ow\"><div class=\"n2-ss-layer n2-ow n-uc-PEyKCdviBsd7\" data-sstype=\"slide\" data-pm=\"default\"><div class=\"n2-ss-layer n2-ow n-uc-192db4b7c1cf2\" data-pm=\"default\" data-sstype=\"content\" data-hasbackground=\"0\"><div class=\"n2-ss-section-main-content n2-ss-layer-with-background n2-ss-layer-content n2-ow n-uc-192db4b7c1cf2-inner\"><div class=\"n2-ss-layer n2-ow n2-ss-layer--block n2-ss-has-self-align n2-ss-stretch-layer n-uc-141f65a7267db\" data-pm=\"normal\" data-href=\"https:\/\/stachowiczptak.online\/nasze-uslugi\/\" tabindex=\"0\" role=\"button\" data-n2click=\"url\" data-force-pointer=\"\" data-sstype=\"row\"><div class=\"n2-ss-layer-row n2-ss-layer-with-background n-uc-141f65a7267db-inner\"><div class=\"n2-ss-layer-row-inner \"><div class=\"n2-ss-layer n2-ow n-uc-18c796c348f71\" data-pm=\"default\" data-sstype=\"col\"><div class=\"n2-ss-layer-col n2-ss-layer-with-background n2-ss-layer-content n-uc-18c796c348f71-inner\"><div class=\"n2-ss-layer n2-ow n-uc-fBeWNVSt4oOi\" data-pm=\"normal\" data-sstype=\"layer\"><div id=\"n2-ss-2item1\" class=\"  n2-ss-item-content n2-ss-text n2-ow\" style=\"display:block;\"><a class=\"n2-ow n2-font-dcfc2638b6adfc1ba040a25d8a01d844-hover \" style=\"display:block;\" href=\"https:\/\/stachowiczptak.online\/nasze-uslugi\/\">Precyzyjne rozwi\u0105zania dla Pa\u0144stwa firmy <\/a><\/div><\/div><div class=\"n2-ss-layer n2-ow n-uc-f90OdldJhaf8\" data-pm=\"normal\" data-sstype=\"layer\"><div class=\"n2-ss-item-content n2-ss-text n2-ow-all\"><div class=\"\"><p class=\"n2-font-eba41d68a94cb5fe03d09206c256d61d-paragraph   \">Kancelaria Stachowicz &amp; Ptak to wiod\u0105ca polska firma prawnicza, kt\u00f3rej zesp\u00f3\u0142 ekspert\u00f3w od lat oferuje kompleksowe wsparcie prawne dla biznesu. Nasza kancelaria, dzia\u0142aj\u0105ca nieprzerwanie od 2001 roku, \u0142\u0105czy w sobie wieloletnie do\u015bwiadczenie i unikaln\u0105 wiedz\u0119 prawnicz\u0105 i biznesow\u0105, co pozwala nam efektywnie odpowiada\u0107 na potrzeby naszych klient\u00f3w zar\u00f3wno w Polsce, jak i za granic\u0105.<\/p>\n<\/div><\/div><\/div><\/div><\/div><\/div><\/div><\/div><\/div><\/div><\/div><\/div><\/div><div data-slide-duration=\"0\" data-id=\"4\" data-slide-public-id=\"2\" data-title=\"Slide 2\" class=\"n2-ss-slide n2-ow  n2-ss-slide-4\"><div role=\"note\" class=\"n2-ss-slide--focus\" tabindex=\"-1\">Slide 2<\/div><div class=\"n2-ss-layers-container n2-ss-slide-limiter n2-ow\"><div class=\"n2-ss-layer n2-ow n-uc-79s5TcaRHGAQ\" data-sstype=\"slide\" data-pm=\"default\"><div class=\"n2-ss-layer n2-ow n-uc-17afe32b00d17\" data-pm=\"default\" data-sstype=\"content\" data-hasbackground=\"0\"><div class=\"n2-ss-section-main-content n2-ss-layer-with-background n2-ss-layer-content n2-ow n-uc-17afe32b00d17-inner\"><div class=\"n2-ss-layer n2-ow n2-ss-layer--block n2-ss-has-self-align n-uc-1943b787f09dc\" data-pm=\"normal\" data-href=\"https:\/\/stachowiczptak.online\/formy-wspolpracy\/\" tabindex=\"0\" role=\"button\" data-n2click=\"url\" data-force-pointer=\"\" data-sstype=\"row\"><div class=\"n2-ss-layer-row n2-ss-layer-with-background n-uc-1943b787f09dc-inner\"><div class=\"n2-ss-layer-row-inner \"><div class=\"n2-ss-layer n2-ow n-uc-1c8ebc3953002\" data-pm=\"default\" data-sstype=\"col\"><div class=\"n2-ss-layer-col n2-ss-layer-with-background n2-ss-layer-content n-uc-1c8ebc3953002-inner\"><div class=\"n2-ss-layer n2-ow n-uc-ZUfRQWeGUasV\" data-pm=\"normal\" data-sstype=\"layer\"><div id=\"n2-ss-2item3\" class=\"  n2-ss-item-content n2-ss-text n2-ow\" style=\"display:block;\"><a class=\"n2-ow n2-font-77e7351bac452970560a3f1d16a51b16-hover \" style=\"display:block;\" href=\"https:\/\/stachowiczptak.online\/formy-wspolpracy\/\">Kancelaria, kt\u00f3ra rozumie Pa\u0144stwa potrzeby<\/a><\/div><\/div><div class=\"n2-ss-layer n2-ow n-uc-EI6TCZI2xi8F\" data-pm=\"normal\" data-sstype=\"layer\"><div class=\"n2-ss-item-content n2-ss-text n2-ow-all\"><div class=\"\"><p class=\"n2-font-ca0f3d69174c2b559e083c6986a47b80-paragraph   \">W naszej Kancelarii \u0142\u0105czymy g\u0142\u0119bokie zrozumienie specyfiki dzia\u0142alno\u015bci gospodarczej z profesjonalnym doradztwem prawnym. Dzi\u0119ki naszemu d\u0142ugoletniemu do\u015bwiadczeniu oraz umiej\u0119tno\u015bciom dostosowywania si\u0119 do dynamicznych warunk\u00f3w rynkowych, zapewniamy naszym klientom realne wsparcie w szerokim spektrum zagadnie\u0144 prawnych i prawno-finansowych. <\/p>\n<\/div><\/div><\/div><\/div><\/div><\/div><\/div><\/div><\/div><\/div><\/div><\/div><\/div><div data-slide-duration=\"0\" data-id=\"5\" data-slide-public-id=\"3\" data-title=\"Slide 3\" class=\"n2-ss-slide n2-ow  n2-ss-slide-5\"><div role=\"note\" class=\"n2-ss-slide--focus\" tabindex=\"-1\">Slide 3<\/div><div class=\"n2-ss-layers-container n2-ss-slide-limiter n2-ow\"><div class=\"n2-ss-layer n2-ow n-uc-HgMXiyEzmjRk\" data-sstype=\"slide\" data-pm=\"default\"><div class=\"n2-ss-layer n2-ow n-uc-10a6d98f9859a\" data-pm=\"default\" data-sstype=\"content\" data-hasbackground=\"0\"><div class=\"n2-ss-section-main-content n2-ss-layer-with-background n2-ss-layer-content n2-ow n-uc-10a6d98f9859a-inner\"><div class=\"n2-ss-layer n2-ow n2-ss-layer--block n2-ss-has-self-align n-uc-16d539a868e5c\" data-pm=\"normal\" data-href=\"https:\/\/stachowiczptak.online\/kontakt\/\" tabindex=\"0\" role=\"button\" data-n2click=\"url\" data-force-pointer=\"\" data-sstype=\"row\"><div class=\"n2-ss-layer-row n2-ss-layer-with-background n-uc-16d539a868e5c-inner\"><div class=\"n2-ss-layer-row-inner \"><div class=\"n2-ss-layer n2-ow n-uc-1df0590d0bc22\" data-pm=\"default\" data-sstype=\"col\"><div class=\"n2-ss-layer-col n2-ss-layer-with-background n2-ss-layer-content n-uc-1df0590d0bc22-inner\"><div class=\"n2-ss-layer n2-ow n-uc-p525k2NFSRE1\" data-pm=\"normal\" data-sstype=\"layer\"><div id=\"n2-ss-2item5\" class=\"  n2-ss-item-content n2-ss-text n2-ow\" style=\"display:block;\"><a class=\"n2-ow n2-font-77e7351bac452970560a3f1d16a51b16-hover \" style=\"display:block;\" href=\"https:\/\/stachowiczptak.online\/kontakt\/\">Zapraszamy do kontaktu<\/a><\/div><\/div><div class=\"n2-ss-layer n2-ow n-uc-m7N1oXG17Q4j\" data-pm=\"normal\" data-sstype=\"layer\"><div class=\"n2-ss-item-content n2-ss-text n2-ow-all\"><div class=\"\"><p class=\"n2-font-ca0f3d69174c2b559e083c6986a47b80-paragraph   \">Zach\u0119camy do zapoznania si\u0119 z nasz\u0105 Stron\u0105 Internetow\u0105, aby dowiedzie\u0107 si\u0119, jak mo\u017cemy skutecznie wspiera\u0107 rozw\u00f3j i sukces Pa\u0144stwa firmy, zapewniaj\u0105c bezpiecze\u0144stwo prawne pocz\u0105wszy od etapu idei, przez skuteczn\u0105 realizacj\u0119 przedsi\u0119wzi\u0119cia, na pe\u0142nej obs\u0142udze potransakcyjnej ko\u0144cz\u0105c.<\/p>\n<\/div><\/div><\/div><\/div><\/div><\/div><\/div><\/div><\/div><\/div><\/div><\/div><\/div>                    <\/div>\n\n                                    <\/div>\n            <\/div>\n        <\/div>\n        <div class=\"n2-ss-slider-controls n2-ss-slider-controls-absolute-left-center\"><div style=\"--widget-offset:10px;\" class=\"n2-ss-widget n2-ss-widget-display-hover n2-style-c65dc3560c7973fb135fd2d39eb80ee4-heading nextend-arrow n2-ow-all nextend-arrow-previous  nextend-arrow-animated-fade\" id=\"n2-ss-2-arrow-previous\" role=\"button\" aria-label=\"previous arrow\" tabindex=\"0\"><img loading=\"lazy\" decoding=\"async\" width=\"32\" height=\"32\" class=\"n2-arrow-normal-img skip-lazy\" data-skip-lazy=\"1\" src=\"data:image\/svg+xml;base64,PHN2ZyB3aWR0aD0iMzIiIGhlaWdodD0iMzIiIHZpZXdCb3g9IjAgMCAzMiAzMiIgeG1sbnM9Imh0dHA6Ly93d3cudzMub3JnLzIwMDAvc3ZnIj4KICAgIDxwYXRoIGQ9Ik0yMS41OCAyMy41OGwtNy45NjItNy41ODMgNy44Ni03LjQ4NWMuMzItLjI2Mi41MjItLjY1LjUyMi0xLjA4M0MyMiA2LjY0IDIxLjMyOCA2IDIwLjUgNmMtLjQwMyAwLS43NjguMTUtMS4wMzguMzk4bC0uMDA0LS4wMDQtOSA4LjU3di4wMDJjLS4yODIuMjYtLjQ1OC42MjQtLjQ1OCAxLjAyOFYxNmMwIC40MDQuMTc2Ljc3LjQ2IDEuMDNoLS4wMDJsOSA4LjU3Yy4yNy4yNDcuNjM4LjQgMS4wNDIuNC44MyAwIDEuNS0uNjQgMS41LTEuNDMgMC0uMzg0LS4xNi0uNzMzLS40Mi0uOTl6IgogICAgICAgICAgZmlsbD0iIzBiNzNhOCIgb3BhY2l0eT0iMSIgZmlsbC1ydWxlPSJldmVub2RkIi8+Cjwvc3ZnPg==\" alt=\"previous arrow\"><img loading=\"lazy\" decoding=\"async\" width=\"32\" height=\"32\" class=\"n2-arrow-hover-img skip-lazy\" data-skip-lazy=\"1\" src=\"data:image\/svg+xml;base64,PHN2ZyB3aWR0aD0iMzIiIGhlaWdodD0iMzIiIHZpZXdCb3g9IjAgMCAzMiAzMiIgeG1sbnM9Imh0dHA6Ly93d3cudzMub3JnLzIwMDAvc3ZnIj4KICAgIDxwYXRoIGQ9Ik0yMS41OCAyMy41OGwtNy45NjItNy41ODMgNy44Ni03LjQ4NWMuMzItLjI2Mi41MjItLjY1LjUyMi0xLjA4M0MyMiA2LjY0IDIxLjMyOCA2IDIwLjUgNmMtLjQwMyAwLS43NjguMTUtMS4wMzguMzk4bC0uMDA0LS4wMDQtOSA4LjU3di4wMDJjLS4yODIuMjYtLjQ1OC42MjQtLjQ1OCAxLjAyOFYxNmMwIC40MDQuMTc2Ljc3LjQ2IDEuMDNoLS4wMDJsOSA4LjU3Yy4yNy4yNDcuNjM4LjQgMS4wNDIuNC44MyAwIDEuNS0uNjQgMS41LTEuNDMgMC0uMzg0LS4xNi0uNzMzLS40Mi0uOTl6IgogICAgICAgICAgZmlsbD0iI2ZmZmZmZiIgb3BhY2l0eT0iMSIgZmlsbC1ydWxlPSJldmVub2RkIi8+Cjwvc3ZnPg==\" alt=\"previous arrow\"><\/div><\/div><div class=\"n2-ss-slider-controls n2-ss-slider-controls-absolute-right-center\"><div style=\"--widget-offset:10px;\" class=\"n2-ss-widget n2-ss-widget-display-hover n2-style-c65dc3560c7973fb135fd2d39eb80ee4-heading nextend-arrow n2-ow-all nextend-arrow-next  nextend-arrow-animated-fade\" id=\"n2-ss-2-arrow-next\" role=\"button\" aria-label=\"next arrow\" tabindex=\"0\"><img loading=\"lazy\" decoding=\"async\" width=\"32\" height=\"32\" class=\"n2-arrow-normal-img skip-lazy\" data-skip-lazy=\"1\" src=\"data:image\/svg+xml;base64,PHN2ZyB3aWR0aD0iMzIiIGhlaWdodD0iMzIiIHZpZXdCb3g9IjAgMCAzMiAzMiIgeG1sbnM9Imh0dHA6Ly93d3cudzMub3JnLzIwMDAvc3ZnIj4KICAgIDxwYXRoIGQ9Ik0yMiAxNS45OTd2LS4wMDNjMC0uNDA0LS4xNzYtLjc2OC0uNDYtMS4wMjhoLjAwMmwtOS04LjU3Mi0uMDA0LjAwNEMxMi4yNjggNi4xNSAxMS45MDIgNiAxMS41IDZjLS44MyAwLTEuNS42NC0xLjUgMS40MyAwIC40MzIuMjAzLjgyLjUyMyAxLjA4Mmw3Ljg2IDcuNDg1LTcuOTYzIDcuNTgzYy0uMjYuMjU3LS40Mi42MDYtLjQyLjk5IDAgLjc5LjY3IDEuNDMgMS41IDEuNDMuNDA0IDAgLjc3LS4xNTMgMS4wNC0uNGw5LjAwMi04LjU3di0uMDAyYy4yODItLjI2LjQ1OC0uNjI0LjQ1OC0xLjAyOHYtLjAwM3oiCiAgICAgICAgICBmaWxsPSIjMGI3M2E4IiBvcGFjaXR5PSIxIiBmaWxsLXJ1bGU9ImV2ZW5vZGQiLz4KPC9zdmc+\" alt=\"next arrow\"><img loading=\"lazy\" decoding=\"async\" width=\"32\" height=\"32\" class=\"n2-arrow-hover-img skip-lazy\" data-skip-lazy=\"1\" src=\"data:image\/svg+xml;base64,PHN2ZyB3aWR0aD0iMzIiIGhlaWdodD0iMzIiIHZpZXdCb3g9IjAgMCAzMiAzMiIgeG1sbnM9Imh0dHA6Ly93d3cudzMub3JnLzIwMDAvc3ZnIj4KICAgIDxwYXRoIGQ9Ik0yMiAxNS45OTd2LS4wMDNjMC0uNDA0LS4xNzYtLjc2OC0uNDYtMS4wMjhoLjAwMmwtOS04LjU3Mi0uMDA0LjAwNEMxMi4yNjggNi4xNSAxMS45MDIgNiAxMS41IDZjLS44MyAwLTEuNS42NC0xLjUgMS40MyAwIC40MzIuMjAzLjgyLjUyMyAxLjA4Mmw3Ljg2IDcuNDg1LTcuOTYzIDcuNTgzYy0uMjYuMjU3LS40Mi42MDYtLjQyLjk5IDAgLjc5LjY3IDEuNDMgMS41IDEuNDMuNDA0IDAgLjc3LS4xNTMgMS4wNC0uNGw5LjAwMi04LjU3di0uMDAyYy4yODItLjI2LjQ1OC0uNjI0LjQ1OC0xLjAyOHYtLjAwM3oiCiAgICAgICAgICBmaWxsPSIjZmZmZmZmIiBvcGFjaXR5PSIxIiBmaWxsLXJ1bGU9ImV2ZW5vZGQiLz4KPC9zdmc+\" alt=\"next arrow\"><\/div><\/div><div class=\"n2-ss-slider-controls n2-ss-slider-controls-absolute-center-bottom\"><div style=\"--widget-offset:10px;\" class=\"n2-ss-widget n2-ss-control-bullet n2-ow-all n2-ss-control-bullet-horizontal\"><div class=\"n2-style-540018aaa523dc91fd73a2d36259dba5-simple  nextend-bullet-bar n2-bar-justify-content-center\"><div class=\"n2-bullet n2-style-13db8e01048e160765b65c9fb1f05ec6-dot \" style=\"visibility:hidden;\"><\/div><\/div><\/div><\/div><\/div><\/div><ss3-loader><\/ss3-loader><\/div><\/div><div class=\"n2_clear\"><\/div><\/div><\/ss3-force-full-width><\/div>","protected":false},"excerpt":{"rendered":"","protected":false},"author":1,"featured_media":0,"parent":0,"menu_order":0,"comment_status":"closed","ping_status":"closed","template":"","meta":{"footnotes":""},"class_list":["post-471","page","type-page","status-publish","hentry"],"blocksy_meta":[],"yoast_head":"<!-- This site is optimized with the Yoast SEO plugin v23.3 - https:\/\/yoast.com\/wordpress\/plugins\/seo\/ -->\n<title>Witamy - Stachowicz | Ptak<\/title>\n<meta name=\"robots\" content=\"index, follow, max-snippet:-1, max-image-preview:large, max-video-preview:-1\" \/>\n<link rel=\"canonical\" href=\"https:\/\/stachowiczptak.pl\/\" \/>\n<meta property=\"og:locale\" content=\"pl_PL\" \/>\n<meta property=\"og:type\" content=\"article\" \/>\n<meta property=\"og:title\" content=\"Witamy - Stachowicz | Ptak\" \/>\n<meta property=\"og:url\" content=\"https:\/\/stachowiczptak.pl\/\" \/>\n<meta property=\"og:site_name\" content=\"Stachowicz | Ptak\" \/>\n<meta property=\"article:modified_time\" content=\"2024-08-24T12:05:08+00:00\" \/>\n<meta name=\"twitter:card\" content=\"summary_large_image\" \/>\n<script type=\"application\/ld+json\" class=\"yoast-schema-graph\">{\"@context\":\"https:\/\/schema.org\",\"@graph\":[{\"@type\":\"WebPage\",\"@id\":\"https:\/\/stachowiczptak.pl\/\",\"url\":\"https:\/\/stachowiczptak.pl\/\",\"name\":\"Witamy - Stachowicz | Ptak\",\"isPartOf\":{\"@id\":\"https:\/\/stachowiczptak.pl\/#website\"},\"datePublished\":\"2024-08-18T12:02:10+00:00\",\"dateModified\":\"2024-08-24T12:05:08+00:00\",\"breadcrumb\":{\"@id\":\"https:\/\/stachowiczptak.pl\/#breadcrumb\"},\"inLanguage\":\"pl-PL\",\"potentialAction\":[{\"@type\":\"ReadAction\",\"target\":[\"https:\/\/stachowiczptak.pl\/\"]}]},{\"@type\":\"BreadcrumbList\",\"@id\":\"https:\/\/stachowiczptak.pl\/#breadcrumb\",\"itemListElement\":[{\"@type\":\"ListItem\",\"position\":1,\"name\":\"Strona g\u0142\u00f3wna\",\"item\":\"https:\/\/stachowiczptak.pl\/\"},{\"@type\":\"ListItem\",\"position\":2,\"name\":\"Witamy\"}]},{\"@type\":\"WebSite\",\"@id\":\"https:\/\/stachowiczptak.pl\/#website\",\"url\":\"https:\/\/stachowiczptak.pl\/\",\"name\":\"Stachowicz | Ptak\",\"description\":\"Bezpieczne rozwi\u0105zania dla Pa\u0144stwa biznesu.\",\"publisher\":{\"@id\":\"https:\/\/stachowiczptak.pl\/#organization\"},\"potentialAction\":[{\"@type\":\"SearchAction\",\"target\":{\"@type\":\"EntryPoint\",\"urlTemplate\":\"https:\/\/stachowiczptak.pl\/?s={search_term_string}\"},\"query-input\":\"required name=search_term_string\"}],\"inLanguage\":\"pl-PL\"},{\"@type\":\"Organization\",\"@id\":\"https:\/\/stachowiczptak.pl\/#organization\",\"name\":\"Stachowicz | Ptak\",\"url\":\"https:\/\/stachowiczptak.pl\/\",\"logo\":{\"@type\":\"ImageObject\",\"inLanguage\":\"pl-PL\",\"@id\":\"https:\/\/stachowiczptak.pl\/#\/schema\/logo\/image\/\",\"url\":\"https:\/\/stachowiczptak.pl\/wp-content\/uploads\/2024\/08\/cropped-sp_logo_vwide.png\",\"contentUrl\":\"https:\/\/stachowiczptak.pl\/wp-content\/uploads\/2024\/08\/cropped-sp_logo_vwide.png\",\"width\":1200,\"height\":150,\"caption\":\"Stachowicz | Ptak\"},\"image\":{\"@id\":\"https:\/\/stachowiczptak.pl\/#\/schema\/logo\/image\/\"},\"sameAs\":[\"https:\/\/www.linkedin.com\/company\/stachowicz-ptak\"]}]}<\/script>\n<!-- \/ Yoast SEO plugin. -->","yoast_head_json":{"title":"Witamy - Stachowicz | Ptak","robots":{"index":"index","follow":"follow","max-snippet":"max-snippet:-1","max-image-preview":"max-image-preview:large","max-video-preview":"max-video-preview:-1"},"canonical":"https:\/\/stachowiczptak.pl\/","og_locale":"pl_PL","og_type":"article","og_title":"Witamy - Stachowicz | Ptak","og_url":"https:\/\/stachowiczptak.pl\/","og_site_name":"Stachowicz | Ptak","article_modified_time":"2024-08-24T12:05:08+00:00","twitter_card":"summary_large_image","schema":{"@context":"https:\/\/schema.org","@graph":[{"@type":"WebPage","@id":"https:\/\/stachowiczptak.pl\/","url":"https:\/\/stachowiczptak.pl\/","name":"Witamy - Stachowicz | Ptak","isPartOf":{"@id":"https:\/\/stachowiczptak.pl\/#website"},"datePublished":"2024-08-18T12:02:10+00:00","dateModified":"2024-08-24T12:05:08+00:00","breadcrumb":{"@id":"https:\/\/stachowiczptak.pl\/#breadcrumb"},"inLanguage":"pl-PL","potentialAction":[{"@type":"ReadAction","target":["https:\/\/stachowiczptak.pl\/"]}]},{"@type":"BreadcrumbList","@id":"https:\/\/stachowiczptak.pl\/#breadcrumb","itemListElement":[{"@type":"ListItem","position":1,"name":"Strona g\u0142\u00f3wna","item":"https:\/\/stachowiczptak.pl\/"},{"@type":"ListItem","position":2,"name":"Witamy"}]},{"@type":"WebSite","@id":"https:\/\/stachowiczptak.pl\/#website","url":"https:\/\/stachowiczptak.pl\/","name":"Stachowicz | Ptak","description":"Bezpieczne rozwi\u0105zania dla Pa\u0144stwa biznesu.","publisher":{"@id":"https:\/\/stachowiczptak.pl\/#organization"},"potentialAction":[{"@type":"SearchAction","target":{"@type":"EntryPoint","urlTemplate":"https:\/\/stachowiczptak.pl\/?s={search_term_string}"},"query-input":"required name=search_term_string"}],"inLanguage":"pl-PL"},{"@type":"Organization","@id":"https:\/\/stachowiczptak.pl\/#organization","name":"Stachowicz | Ptak","url":"https:\/\/stachowiczptak.pl\/","logo":{"@type":"ImageObject","inLanguage":"pl-PL","@id":"https:\/\/stachowiczptak.pl\/#\/schema\/logo\/image\/","url":"https:\/\/stachowiczptak.pl\/wp-content\/uploads\/2024\/08\/cropped-sp_logo_vwide.png","contentUrl":"https:\/\/stachowiczptak.pl\/wp-content\/uploads\/2024\/08\/cropped-sp_logo_vwide.png","width":1200,"height":150,"caption":"Stachowicz | Ptak"},"image":{"@id":"https:\/\/stachowiczptak.pl\/#\/schema\/logo\/image\/"},"sameAs":["https:\/\/www.linkedin.com\/company\/stachowicz-ptak"]}]}},"_links":{"self":[{"href":"https:\/\/stachowiczptak.pl\/index.php\/wp-json\/wp\/v2\/pages\/471","targetHints":{"allow":["GET"]}}],"collection":[{"href":"https:\/\/stachowiczptak.pl\/index.php\/wp-json\/wp\/v2\/pages"}],"about":[{"href":"https:\/\/stachowiczptak.pl\/index.php\/wp-json\/wp\/v2\/types\/page"}],"author":[{"embeddable":true,"href":"https:\/\/stachowiczptak.pl\/index.php\/wp-json\/wp\/v2\/users\/1"}],"replies":[{"embeddable":true,"href":"https:\/\/stachowiczptak.pl\/index.php\/wp-json\/wp\/v2\/comments?post=471"}],"version-history":[{"count":2,"href":"https:\/\/stachowiczptak.pl\/index.php\/wp-json\/wp\/v2\/pages\/471\/revisions"}],"predecessor-version":[{"id":764,"href":"https:\/\/stachowiczptak.pl\/index.php\/wp-json\/wp\/v2\/pages\/471\/revisions\/764"}],"wp:attachment":[{"href":"https:\/\/stachowiczptak.pl\/index.php\/wp-json\/wp\/v2\/media?parent=471"}],"curies":[{"name":"wp","href":"https:\/\/api.w.org\/{rel}","templated":true}]}}