{"id":717,"date":"2024-08-03T14:50:20","date_gmt":"2024-08-03T12:50:20","guid":{"rendered":"http:\/\/stachowiczptak.online\/?page_id=6"},"modified":"2024-08-24T14:30:10","modified_gmt":"2024-08-24T12:30:10","slug":"nasze-uslugi","status":"publish","type":"page","link":"https:\/\/stachowiczptak.pl\/index.php\/nasze-uslugi\/","title":{"rendered":"Us\u0142ugi"},"content":{"rendered":"\n<p><strong>Wsparcie Biznesu i Organizacja Przedsi\u0119biorstw<\/strong><\/p>\n\n\n\n<blockquote class=\"wp-block-quote is-layout-flow wp-block-quote-is-layout-flow\">\n<p>Z pe\u0142nym zrozumieniem potrzeb biznesowych naszych klient\u00f3w oferujemy kompleksowe wsparcie prawne, zar\u00f3wno w ramach sta\u0142ej obs\u0142ugi, jak i dora\u017anej pomocy, aby zapewni\u0107 sprawne funkcjonowanie przedsi\u0119biorstwa:<br><\/p>\n\n\n\n<ul class=\"wp-block-list\">\n<li>Doradzamy w kwestiach zwi\u0105zanych z bie\u017c\u0105c\u0105 dzia\u0142alno\u015bci\u0105.<\/li>\n\n\n\n<li>Utrzymujemy regularny kontakt roboczy, aktywnie nadzoruj\u0105c wszystkie bie\u017c\u0105ce sprawy.<\/li>\n\n\n\n<li>Opracowujemy i dostarczamy rozwi\u0105zania prawne oraz podatkowe dostosowane do potrzeb.<\/li>\n\n\n\n<li>Zapewniamy zgodno\u015b\u0107 dzia\u0142a\u0144 z obowi\u0105zuj\u0105cym prawem oraz minimalizujemy ryzyka operacyjne.<\/li>\n\n\n\n<li>Wspieramy wewn\u0119trzne dzia\u0142y prawne klient\u00f3w lub pe\u0142nimy rol\u0119 zewn\u0119trznego back-office prawnego.<\/li>\n\n\n\n<li>Organizujemy merytoryczne szkolenia dla pracownik\u00f3w.<\/li>\n<\/ul>\n<\/blockquote>\n\n\n\n<p><strong>Transakcje, Inwestycje i Restrukturyzacje<\/strong><\/p>\n\n\n\n<blockquote class=\"wp-block-quote is-layout-flow wp-block-quote-is-layout-flow\">\n<p>Nasze do\u015bwiadczenie pozwala nam wspiera\u0107 klient\u00f3w w procesach transakcyjnych, inwestycyjnych oraz restrukturyzacyjnych, zgodnie z ich strategicznymi celami:<br><\/p>\n\n\n\n<ul class=\"wp-block-list\">\n<li>Dokonujemy analizy i optymalizacji stanu przedsi\u0119wzi\u0119\u0107.<\/li>\n\n\n\n<li>Identyfikujemy ryzyka prawne i podatkowe oraz opracowujemy strategie ich minimalizacji.<\/li>\n\n\n\n<li>Ustalamy optymaln\u0105 struktur\u0119 prawn\u0105 przedsi\u0119wzi\u0119cia i przedstawiamy rekomendacje.<\/li>\n\n\n\n<li>Przygotowujemy projekty dokumentacji niezb\u0119dnej do realizacji cel\u00f3w.<\/li>\n\n\n\n<li>Negocjujemy warunki z kontrahentami oraz partnerami biznesowymi.<\/li>\n\n\n\n<li>Wspieramy proces wdro\u017cenia przedsi\u0119wzi\u0119\u0107.<\/li>\n<\/ul>\n<\/blockquote>\n\n\n\n<p><strong>Spory S\u0105dowe<\/strong><\/p>\n\n\n\n<blockquote class=\"wp-block-quote is-layout-flow wp-block-quote-is-layout-flow\">\n<p>Zapewniamy skuteczne wsparcie na ka\u017cdym etapie prowadzenia spor\u00f3w s\u0105dowych, oferuj\u0105c kompleksow\u0105 obs\u0142ug\u0119:<br><\/p>\n\n\n\n<ul class=\"wp-block-list\">\n<li>Doradzamy na wszystkich etapach dochodzenia praw oraz w procesach mediacyjnych.<\/li>\n\n\n\n<li>Opracowujemy i rekomendujemy strategie prowadzenia spor\u00f3w.<\/li>\n\n\n\n<li>Negocjujemy ugody i porozumienia, d\u0105\u017c\u0105c do optymalnych rozwi\u0105za\u0144.<\/li>\n\n\n\n<li>Reprezentujemy klient\u00f3w przed s\u0105dami powszechnymi wszystkich instancji oraz w s\u0105dach arbitra\u017cowych.<\/li>\n<\/ul>\n<\/blockquote>\n","protected":false},"excerpt":{"rendered":"<p>Wsparcie Biznesu i Organizacja Przedsi\u0119biorstw Transakcje, Inwestycje i Restrukturyzacje Spory S\u0105dowe<\/p>\n","protected":false},"author":1,"featured_media":779,"parent":0,"menu_order":0,"comment_status":"closed","ping_status":"closed","template":"","meta":{"footnotes":""},"class_list":["post-717","page","type-page","status-publish","has-post-thumbnail","hentry"],"blocksy_meta":[],"yoast_head":"<!-- This site is optimized with the Yoast SEO plugin v23.3 - https:\/\/yoast.com\/wordpress\/plugins\/seo\/ -->\n<title>Us\u0142ugi - Stachowicz | Ptak<\/title>\n<meta name=\"robots\" content=\"index, follow, max-snippet:-1, max-image-preview:large, max-video-preview:-1\" \/>\n<link rel=\"canonical\" href=\"https:\/\/stachowiczptak.pl\/index.php\/nasze-uslugi\/\" \/>\n<meta property=\"og:locale\" content=\"pl_PL\" \/>\n<meta property=\"og:type\" content=\"article\" \/>\n<meta property=\"og:title\" content=\"Us\u0142ugi - Stachowicz | Ptak\" \/>\n<meta property=\"og:description\" content=\"Wsparcie Biznesu i Organizacja Przedsi\u0119biorstw Transakcje, Inwestycje i Restrukturyzacje Spory S\u0105dowe\" \/>\n<meta property=\"og:url\" content=\"https:\/\/stachowiczptak.pl\/index.php\/nasze-uslugi\/\" \/>\n<meta property=\"og:site_name\" content=\"Stachowicz | Ptak\" \/>\n<meta property=\"article:modified_time\" content=\"2024-08-24T12:30:10+00:00\" \/>\n<meta property=\"og:image\" content=\"https:\/\/stachowiczptak.pl\/wp-content\/uploads\/2024\/08\/Uslugi-1600-x-300-px.png\" \/>\n\t<meta property=\"og:image:width\" content=\"1600\" \/>\n\t<meta property=\"og:image:height\" content=\"300\" \/>\n\t<meta property=\"og:image:type\" content=\"image\/png\" \/>\n<meta name=\"twitter:card\" content=\"summary_large_image\" \/>\n<meta name=\"twitter:label1\" content=\"Szacowany czas czytania\" \/>\n\t<meta name=\"twitter:data1\" content=\"1 minuta\" \/>\n<script type=\"application\/ld+json\" class=\"yoast-schema-graph\">{\"@context\":\"https:\/\/schema.org\",\"@graph\":[{\"@type\":\"WebPage\",\"@id\":\"https:\/\/stachowiczptak.pl\/index.php\/nasze-uslugi\/\",\"url\":\"https:\/\/stachowiczptak.pl\/index.php\/nasze-uslugi\/\",\"name\":\"Us\u0142ugi - Stachowicz | Ptak\",\"isPartOf\":{\"@id\":\"https:\/\/stachowiczptak.pl\/#website\"},\"primaryImageOfPage\":{\"@id\":\"https:\/\/stachowiczptak.pl\/index.php\/nasze-uslugi\/#primaryimage\"},\"image\":{\"@id\":\"https:\/\/stachowiczptak.pl\/index.php\/nasze-uslugi\/#primaryimage\"},\"thumbnailUrl\":\"https:\/\/stachowiczptak.pl\/wp-content\/uploads\/2024\/08\/Uslugi-1600-x-300-px.png\",\"datePublished\":\"2024-08-03T12:50:20+00:00\",\"dateModified\":\"2024-08-24T12:30:10+00:00\",\"breadcrumb\":{\"@id\":\"https:\/\/stachowiczptak.pl\/index.php\/nasze-uslugi\/#breadcrumb\"},\"inLanguage\":\"pl-PL\",\"potentialAction\":[{\"@type\":\"ReadAction\",\"target\":[\"https:\/\/stachowiczptak.pl\/index.php\/nasze-uslugi\/\"]}]},{\"@type\":\"ImageObject\",\"inLanguage\":\"pl-PL\",\"@id\":\"https:\/\/stachowiczptak.pl\/index.php\/nasze-uslugi\/#primaryimage\",\"url\":\"https:\/\/stachowiczptak.pl\/wp-content\/uploads\/2024\/08\/Uslugi-1600-x-300-px.png\",\"contentUrl\":\"https:\/\/stachowiczptak.pl\/wp-content\/uploads\/2024\/08\/Uslugi-1600-x-300-px.png\",\"width\":1600,\"height\":300},{\"@type\":\"BreadcrumbList\",\"@id\":\"https:\/\/stachowiczptak.pl\/index.php\/nasze-uslugi\/#breadcrumb\",\"itemListElement\":[{\"@type\":\"ListItem\",\"position\":1,\"name\":\"Strona g\u0142\u00f3wna\",\"item\":\"https:\/\/stachowiczptak.pl\/\"},{\"@type\":\"ListItem\",\"position\":2,\"name\":\"Us\u0142ugi\"}]},{\"@type\":\"WebSite\",\"@id\":\"https:\/\/stachowiczptak.pl\/#website\",\"url\":\"https:\/\/stachowiczptak.pl\/\",\"name\":\"Stachowicz | Ptak\",\"description\":\"Bezpieczne rozwi\u0105zania dla Pa\u0144stwa biznesu.\",\"publisher\":{\"@id\":\"https:\/\/stachowiczptak.pl\/#organization\"},\"potentialAction\":[{\"@type\":\"SearchAction\",\"target\":{\"@type\":\"EntryPoint\",\"urlTemplate\":\"https:\/\/stachowiczptak.pl\/?s={search_term_string}\"},\"query-input\":\"required name=search_term_string\"}],\"inLanguage\":\"pl-PL\"},{\"@type\":\"Organization\",\"@id\":\"https:\/\/stachowiczptak.pl\/#organization\",\"name\":\"Stachowicz | Ptak\",\"url\":\"https:\/\/stachowiczptak.pl\/\",\"logo\":{\"@type\":\"ImageObject\",\"inLanguage\":\"pl-PL\",\"@id\":\"https:\/\/stachowiczptak.pl\/#\/schema\/logo\/image\/\",\"url\":\"https:\/\/stachowiczptak.pl\/wp-content\/uploads\/2024\/08\/cropped-sp_logo_vwide.png\",\"contentUrl\":\"https:\/\/stachowiczptak.pl\/wp-content\/uploads\/2024\/08\/cropped-sp_logo_vwide.png\",\"width\":1200,\"height\":150,\"caption\":\"Stachowicz | Ptak\"},\"image\":{\"@id\":\"https:\/\/stachowiczptak.pl\/#\/schema\/logo\/image\/\"},\"sameAs\":[\"https:\/\/www.linkedin.com\/company\/stachowicz-ptak\"]}]}<\/script>\n<!-- \/ Yoast SEO plugin. -->","yoast_head_json":{"title":"Us\u0142ugi - Stachowicz | Ptak","robots":{"index":"index","follow":"follow","max-snippet":"max-snippet:-1","max-image-preview":"max-image-preview:large","max-video-preview":"max-video-preview:-1"},"canonical":"https:\/\/stachowiczptak.pl\/index.php\/nasze-uslugi\/","og_locale":"pl_PL","og_type":"article","og_title":"Us\u0142ugi - Stachowicz | Ptak","og_description":"Wsparcie Biznesu i Organizacja Przedsi\u0119biorstw Transakcje, Inwestycje i Restrukturyzacje Spory S\u0105dowe","og_url":"https:\/\/stachowiczptak.pl\/index.php\/nasze-uslugi\/","og_site_name":"Stachowicz | Ptak","article_modified_time":"2024-08-24T12:30:10+00:00","og_image":[{"width":1600,"height":300,"url":"https:\/\/stachowiczptak.pl\/wp-content\/uploads\/2024\/08\/Uslugi-1600-x-300-px.png","type":"image\/png"}],"twitter_card":"summary_large_image","twitter_misc":{"Szacowany czas czytania":"1 minuta"},"schema":{"@context":"https:\/\/schema.org","@graph":[{"@type":"WebPage","@id":"https:\/\/stachowiczptak.pl\/index.php\/nasze-uslugi\/","url":"https:\/\/stachowiczptak.pl\/index.php\/nasze-uslugi\/","name":"Us\u0142ugi - Stachowicz | Ptak","isPartOf":{"@id":"https:\/\/stachowiczptak.pl\/#website"},"primaryImageOfPage":{"@id":"https:\/\/stachowiczptak.pl\/index.php\/nasze-uslugi\/#primaryimage"},"image":{"@id":"https:\/\/stachowiczptak.pl\/index.php\/nasze-uslugi\/#primaryimage"},"thumbnailUrl":"https:\/\/stachowiczptak.pl\/wp-content\/uploads\/2024\/08\/Uslugi-1600-x-300-px.png","datePublished":"2024-08-03T12:50:20+00:00","dateModified":"2024-08-24T12:30:10+00:00","breadcrumb":{"@id":"https:\/\/stachowiczptak.pl\/index.php\/nasze-uslugi\/#breadcrumb"},"inLanguage":"pl-PL","potentialAction":[{"@type":"ReadAction","target":["https:\/\/stachowiczptak.pl\/index.php\/nasze-uslugi\/"]}]},{"@type":"ImageObject","inLanguage":"pl-PL","@id":"https:\/\/stachowiczptak.pl\/index.php\/nasze-uslugi\/#primaryimage","url":"https:\/\/stachowiczptak.pl\/wp-content\/uploads\/2024\/08\/Uslugi-1600-x-300-px.png","contentUrl":"https:\/\/stachowiczptak.pl\/wp-content\/uploads\/2024\/08\/Uslugi-1600-x-300-px.png","width":1600,"height":300},{"@type":"BreadcrumbList","@id":"https:\/\/stachowiczptak.pl\/index.php\/nasze-uslugi\/#breadcrumb","itemListElement":[{"@type":"ListItem","position":1,"name":"Strona g\u0142\u00f3wna","item":"https:\/\/stachowiczptak.pl\/"},{"@type":"ListItem","position":2,"name":"Us\u0142ugi"}]},{"@type":"WebSite","@id":"https:\/\/stachowiczptak.pl\/#website","url":"https:\/\/stachowiczptak.pl\/","name":"Stachowicz | Ptak","description":"Bezpieczne rozwi\u0105zania dla Pa\u0144stwa biznesu.","publisher":{"@id":"https:\/\/stachowiczptak.pl\/#organization"},"potentialAction":[{"@type":"SearchAction","target":{"@type":"EntryPoint","urlTemplate":"https:\/\/stachowiczptak.pl\/?s={search_term_string}"},"query-input":"required name=search_term_string"}],"inLanguage":"pl-PL"},{"@type":"Organization","@id":"https:\/\/stachowiczptak.pl\/#organization","name":"Stachowicz | Ptak","url":"https:\/\/stachowiczptak.pl\/","logo":{"@type":"ImageObject","inLanguage":"pl-PL","@id":"https:\/\/stachowiczptak.pl\/#\/schema\/logo\/image\/","url":"https:\/\/stachowiczptak.pl\/wp-content\/uploads\/2024\/08\/cropped-sp_logo_vwide.png","contentUrl":"https:\/\/stachowiczptak.pl\/wp-content\/uploads\/2024\/08\/cropped-sp_logo_vwide.png","width":1200,"height":150,"caption":"Stachowicz | Ptak"},"image":{"@id":"https:\/\/stachowiczptak.pl\/#\/schema\/logo\/image\/"},"sameAs":["https:\/\/www.linkedin.com\/company\/stachowicz-ptak"]}]}},"_links":{"self":[{"href":"https:\/\/stachowiczptak.pl\/index.php\/wp-json\/wp\/v2\/pages\/717","targetHints":{"allow":["GET"]}}],"collection":[{"href":"https:\/\/stachowiczptak.pl\/index.php\/wp-json\/wp\/v2\/pages"}],"about":[{"href":"https:\/\/stachowiczptak.pl\/index.php\/wp-json\/wp\/v2\/types\/page"}],"author":[{"embeddable":true,"href":"https:\/\/stachowiczptak.pl\/index.php\/wp-json\/wp\/v2\/users\/1"}],"replies":[{"embeddable":true,"href":"https:\/\/stachowiczptak.pl\/index.php\/wp-json\/wp\/v2\/comments?post=717"}],"version-history":[{"count":1,"href":"https:\/\/stachowiczptak.pl\/index.php\/wp-json\/wp\/v2\/pages\/717\/revisions"}],"predecessor-version":[{"id":785,"href":"https:\/\/stachowiczptak.pl\/index.php\/wp-json\/wp\/v2\/pages\/717\/revisions\/785"}],"wp:featuredmedia":[{"embeddable":true,"href":"https:\/\/stachowiczptak.pl\/index.php\/wp-json\/wp\/v2\/media\/779"}],"wp:attachment":[{"href":"https:\/\/stachowiczptak.pl\/index.php\/wp-json\/wp\/v2\/media?parent=717"}],"curies":[{"name":"wp","href":"https:\/\/api.w.org\/{rel}","templated":true}]}}